{"id":650,"date":"2018-08-27T15:00:22","date_gmt":"2018-08-27T15:00:22","guid":{"rendered":"http:\/\/www.auto-mobilis.de\/?page_id=650"},"modified":"2019-07-18T15:14:10","modified_gmt":"2019-07-18T15:14:10","slug":"kunstprojekte","status":"publish","type":"page","link":"https:\/\/www.auto-mobilis.de\/?page_id=650","title":{"rendered":"K\u00fcnstler*innen &#038; Projekte"},"content":{"rendered":"<hr \/>\n<h2><span style=\"color: #000000;\"><strong>Konserven<\/strong><\/span><\/h2>\n<p>&nbsp;<\/p>\n<p><img loading=\"lazy\" decoding=\"async\" class=\"size-medium wp-image-474 alignleft\" src=\"https:\/\/www.auto-mobilis.de\/wp-content\/uploads\/2018\/07\/Portrait-Rabea-Dransfeld-2-300x200.jpg\" alt=\"\" width=\"300\" height=\"200\" \/><span style=\"color: #000000;\"><strong>Rabea Dransfeld<\/strong> ist als bildende K\u00fcnstlerin in den Bereichen Bildhauerei \/ Objekt \/ Installation t\u00e4tig und erforscht dabei Schnittstellen von Kunst und Wissenschaft. Nach einem Studium mit Abschnitten in K\u00f6ln sowie in \u00d6sterreich und Brasilien lebt sie seit 2013 in Greifswald.<\/span><\/p>\n<p>&nbsp;<\/p>\n<p>&nbsp;<\/p>\n<p>&nbsp;<\/p>\n<p><img loading=\"lazy\" decoding=\"async\" class=\"size-medium wp-image-863 alignleft\" src=\"https:\/\/www.auto-mobilis.de\/wp-content\/uploads\/2018\/10\/k-DSC_4340-300x201.jpg\" alt=\"\" width=\"300\" height=\"201\" srcset=\"https:\/\/www.auto-mobilis.de\/wp-content\/uploads\/2018\/10\/k-DSC_4340-300x201.jpg 300w, https:\/\/www.auto-mobilis.de\/wp-content\/uploads\/2018\/10\/k-DSC_4340-768x513.jpg 768w, https:\/\/www.auto-mobilis.de\/wp-content\/uploads\/2018\/10\/k-DSC_4340-1024x684.jpg 1024w, https:\/\/www.auto-mobilis.de\/wp-content\/uploads\/2018\/10\/k-DSC_4340-720x481.jpg 720w, https:\/\/www.auto-mobilis.de\/wp-content\/uploads\/2018\/10\/k-DSC_4340-560x374.jpg 560w, https:\/\/www.auto-mobilis.de\/wp-content\/uploads\/2018\/10\/k-DSC_4340.jpg 1496w\" sizes=\"auto, (max-width: 300px) 100vw, 300px\" \/><\/p>\n<p><a href=\"https:\/\/www.auto-mobilis.de\/?p=453\">Worte der K\u00fcnstlerin zum Kunstprojekt <\/a><\/p>\n<p><a href=\"https:\/\/www.auto-mobilis.de\/?p=714\">Entstehung des Kunstwerkes <\/a><\/p>\n<p><span style=\"color: #000000;\">Das Konserven-Archiv<\/span><\/p>\n<p>&nbsp;<\/p>\n<p>&nbsp;<\/p>\n<p>&nbsp;<\/p>\n<p>&nbsp;<\/p>\n<hr \/>\n<h2><span style=\"color: #000000;\">Wie zusammenleben im Anthropoz\u00e4n?<\/span><\/h2>\n<p>&nbsp;<\/p>\n<p><img loading=\"lazy\" decoding=\"async\" class=\"wp-image-430 size-medium alignleft\" src=\"https:\/\/www.auto-mobilis.de\/wp-content\/uploads\/2018\/06\/Lebenslauf-Remplin-1-300x200.jpg\" alt=\"\" width=\"300\" height=\"200\" srcset=\"https:\/\/www.auto-mobilis.de\/wp-content\/uploads\/2018\/06\/Lebenslauf-Remplin-1-300x200.jpg 300w, https:\/\/www.auto-mobilis.de\/wp-content\/uploads\/2018\/06\/Lebenslauf-Remplin-1-768x511.jpg 768w, https:\/\/www.auto-mobilis.de\/wp-content\/uploads\/2018\/06\/Lebenslauf-Remplin-1-1024x682.jpg 1024w, https:\/\/www.auto-mobilis.de\/wp-content\/uploads\/2018\/06\/Lebenslauf-Remplin-1-720x479.jpg 720w, https:\/\/www.auto-mobilis.de\/wp-content\/uploads\/2018\/06\/Lebenslauf-Remplin-1-560x373.jpg 560w, https:\/\/www.auto-mobilis.de\/wp-content\/uploads\/2018\/06\/Lebenslauf-Remplin-1.jpg 1604w\" sizes=\"auto, (max-width: 300px) 100vw, 300px\" \/><\/p>\n<p><img loading=\"lazy\" decoding=\"async\" class=\"wp-image-431 size-medium\" src=\"https:\/\/www.auto-mobilis.de\/wp-content\/uploads\/2018\/06\/B\u00fcttner-Carsten-300x201.jpg\" alt=\"\" width=\"300\" height=\"201\" srcset=\"https:\/\/www.auto-mobilis.de\/wp-content\/uploads\/2018\/06\/B\u00fcttner-Carsten-300x201.jpg 300w, https:\/\/www.auto-mobilis.de\/wp-content\/uploads\/2018\/06\/B\u00fcttner-Carsten-768x516.jpg 768w, https:\/\/www.auto-mobilis.de\/wp-content\/uploads\/2018\/06\/B\u00fcttner-Carsten-720x484.jpg 720w, https:\/\/www.auto-mobilis.de\/wp-content\/uploads\/2018\/06\/B\u00fcttner-Carsten-560x376.jpg 560w, https:\/\/www.auto-mobilis.de\/wp-content\/uploads\/2018\/06\/B\u00fcttner-Carsten.jpg 813w\" sizes=\"auto, (max-width: 300px) 100vw, 300px\" \/><\/p>\n<p><span style=\"color: #000000;\"><strong>Kathrin Wetzel <\/strong>ist Bildhauerin. Sie machte eine Lehre bei der Post, zur Bauzeichnerin und zur psychologischen Beraterin und war als Erzieherhelferin und Tagesmutter t\u00e4tig. 2009 <\/span><span style=\"color: #000000;\">studierte sie Bildhauerei an der Rostocker Technischen Kunstschule und ist seit 2012 freiberuflich t\u00e4tig. Sie lebt mit ihrer Familie in Gessin.<\/span><\/p>\n<p><span style=\"color: #000000;\"><strong> Carsten B\u00fcttner<\/strong> ist freiberuflicher Kameramann, Cutter und Fotograf und lebt \u00f6stlich des Kummerower Sees in Sommersdorf. Er ist in Dresden geboren und sp\u00e4ter nach Seedorf (bei Demmin) ausgewandert. Er \u00fcbte verschiedenen Berufe aus unter anderem: LPG Mechanisator (Treckerfahrer), Forstarbeiter, T\u00f6pfer. 1990 ist er nach Moltzahn gezogen, wo er als Steinmetz und Kurierfahrer arbeitete. Seit 1994 ist er als freiberuflicher Kameramann und Cutter t\u00e4tig. Zwischenzeitlich war er Koch, Kellner und Kneiper in Sommersdorf, bis er 2013 in die Freiberuflichkeit als Kameramann, Cutter und Fotograf zur\u00fcckkehrte.<\/span><\/p>\n<p>&nbsp;<\/p>\n<p><span style=\"color: #000000;\"><img loading=\"lazy\" decoding=\"async\" class=\" wp-image-800 alignright\" src=\"https:\/\/www.auto-mobilis.de\/wp-content\/uploads\/2018\/09\/IMG_20171218_181144_302-300x200.jpg\" alt=\"\" width=\"257\" height=\"171\" srcset=\"https:\/\/www.auto-mobilis.de\/wp-content\/uploads\/2018\/09\/IMG_20171218_181144_302-300x200.jpg 300w, https:\/\/www.auto-mobilis.de\/wp-content\/uploads\/2018\/09\/IMG_20171218_181144_302-768x512.jpg 768w, https:\/\/www.auto-mobilis.de\/wp-content\/uploads\/2018\/09\/IMG_20171218_181144_302-1024x682.jpg 1024w, https:\/\/www.auto-mobilis.de\/wp-content\/uploads\/2018\/09\/IMG_20171218_181144_302-720x480.jpg 720w, https:\/\/www.auto-mobilis.de\/wp-content\/uploads\/2018\/09\/IMG_20171218_181144_302-560x373.jpg 560w, https:\/\/www.auto-mobilis.de\/wp-content\/uploads\/2018\/09\/IMG_20171218_181144_302.jpg 1280w\" sizes=\"auto, (max-width: 257px) 100vw, 257px\" \/><\/span><\/p>\n<p><span style=\"color: #000000;\"><img loading=\"lazy\" decoding=\"async\" class=\"wp-image-801 alignleft\" src=\"https:\/\/www.auto-mobilis.de\/wp-content\/uploads\/2018\/09\/IMG_20171218_181138_805-300x200.jpg\" alt=\"\" width=\"267\" height=\"178\" srcset=\"https:\/\/www.auto-mobilis.de\/wp-content\/uploads\/2018\/09\/IMG_20171218_181138_805-300x200.jpg 300w, https:\/\/www.auto-mobilis.de\/wp-content\/uploads\/2018\/09\/IMG_20171218_181138_805-768x512.jpg 768w, https:\/\/www.auto-mobilis.de\/wp-content\/uploads\/2018\/09\/IMG_20171218_181138_805-1024x682.jpg 1024w, https:\/\/www.auto-mobilis.de\/wp-content\/uploads\/2018\/09\/IMG_20171218_181138_805-720x480.jpg 720w, https:\/\/www.auto-mobilis.de\/wp-content\/uploads\/2018\/09\/IMG_20171218_181138_805-560x373.jpg 560w, https:\/\/www.auto-mobilis.de\/wp-content\/uploads\/2018\/09\/IMG_20171218_181138_805.jpg 1280w\" sizes=\"auto, (max-width: 267px) 100vw, 267px\" \/><\/span><\/p>\n<p><span style=\"color: #000000;\"><a href=\"https:\/\/www.auto-mobilis.de\/?p=61\">Worte der K\u00fcnstler zum Kunstprojekt<\/a>\u00a0<\/span><\/p>\n<p><a href=\"https:\/\/www.auto-mobilis.de\/?p=838\">Entstehung des Kunstwerkes<\/a><\/p>\n<p><span style=\"color: #000000;\">Geschichten<\/span><\/p>\n<p>&nbsp;<\/p>\n<p>&nbsp;<\/p>\n<hr \/>\n<h2><span style=\"color: #000000;\">Wandern und Wundern<\/span><\/h2>\n<p>&nbsp;<\/p>\n<p><img loading=\"lazy\" decoding=\"async\" class=\"wp-image-545 alignleft\" src=\"https:\/\/www.auto-mobilis.de\/wp-content\/uploads\/2018\/07\/adrienne_gyoergyi-e1532958000493.jpg\" alt=\"\" width=\"249\" height=\"364\" \/><\/p>\n<p><span style=\"color: #000000;\"><strong>Adrienne Gy\u00f6rgyi<\/strong> ist Designerin und lebt und arbeitet seit acht Jahren in Altkalen. Das Einheimische von hier und jetzt in ihrem Charakteristikum zu ergreifen, es auf<\/span><br \/>\n<span style=\"color: #000000;\">experimentellem Weg zu erkunden und mit k\u00fcnstlerischen Mitteln aufzuzeigen, interessiert sie. Seit 2013 f\u00fchrt sie ihr Label <a href=\"http:\/\/www.taufrisch.org\/\">taufrisch<\/a>: klare, freudige, lebhafte und wandelbare Wohntextilien und Kleider als handgefertigte Einzelst\u00fccke mit Siebdruck auf Leinen.<\/span><\/p>\n<p>&nbsp;<\/p>\n<p>&nbsp;<\/p>\n<p>&nbsp;<\/p>\n<p>&nbsp;<\/p>\n<p><img loading=\"lazy\" decoding=\"async\" class=\"alignnone wp-image-1063 size-full\" src=\"https:\/\/www.auto-mobilis.de\/wp-content\/uploads\/2019\/07\/nsmail-2000x1296-e1563461180103.jpg\" alt=\"\" width=\"600\" height=\"389\" \/><\/p>\n<p>&nbsp;<\/p>\n<p><a href=\"https:\/\/www.auto-mobilis.de\/?p=447\">Worte der K\u00fcnstlerin zum Kunstprojekt<\/a><\/p>\n<p><a href=\"https:\/\/www.auto-mobilis.de\/?p=846\">Entstehung des Kunstwerkes <\/a><\/p>\n<p><span style=\"color: #000000;\">Geschichten <\/span><\/p>\n<p>&nbsp;<\/p>\n<hr \/>\n<h2><span style=\"color: #000000;\">MUTTERERDE<\/span><\/h2>\n<p>&nbsp;<\/p>\n<p><img loading=\"lazy\" decoding=\"async\" class=\"wp-image-486 alignleft\" src=\"https:\/\/www.auto-mobilis.de\/wp-content\/uploads\/2018\/07\/MUTTERERDE_\u00d6ffentlichkeitsarbeit-2-229x300.jpg\" alt=\"\" width=\"278\" height=\"364\" \/><\/p>\n<p><span style=\"color: #000000;\"><strong>Susanne Gabler\u00a0<\/strong>arbeitet als bildende K\u00fcnstlerin haupts\u00e4chlich installativ und entwickelt partizipative\u00a0Projekte. Dabei besch\u00e4ftigt sie sich mit soziopolitischen und \u00f6kologischen Realit\u00e4ten und den dadurch verursachten gesellschaftlichen Ungerechtigkeiten. Ihre Arbeiten sind stets Reflektionen dessen, was sie\u00a0beobachtet und Ansprache an den Betrachter. Sie lebt und arbeitet in Wismar.<\/span><\/p>\n<p><span style=\"color: #000000;\"><strong>Lena Biesalski\u00a0<\/strong>studierte an der Kunsthochschule Burg Giebichenstein Halle freie Plastik\/Keramik. In ihrer\u00a0k\u00fcnstlerischen Arbeiten geht es um Kollektivierungsabl\u00e4ufe aus soziokultureller, sowie naturwissenschaftlicher Perspektive. Sie untersucht Prozesse und entwickelt Modelle von Gemeinschaftsentwicklung. Sie lebt und arbeitet in Hohen Viecheln.\u00a0<\/span><\/p>\n<p>&nbsp;<\/p>\n<p><img loading=\"lazy\" decoding=\"async\" class=\"size-medium wp-image-765 alignleft\" src=\"https:\/\/www.auto-mobilis.de\/wp-content\/uploads\/2018\/09\/Schalens-w-300x136.png\" alt=\"\" width=\"300\" height=\"136\" srcset=\"https:\/\/www.auto-mobilis.de\/wp-content\/uploads\/2018\/09\/Schalens-w-300x136.png 300w, https:\/\/www.auto-mobilis.de\/wp-content\/uploads\/2018\/09\/Schalens-w-768x348.png 768w, https:\/\/www.auto-mobilis.de\/wp-content\/uploads\/2018\/09\/Schalens-w-1024x464.png 1024w, https:\/\/www.auto-mobilis.de\/wp-content\/uploads\/2018\/09\/Schalens-w-720x326.png 720w, https:\/\/www.auto-mobilis.de\/wp-content\/uploads\/2018\/09\/Schalens-w-560x254.png 560w, https:\/\/www.auto-mobilis.de\/wp-content\/uploads\/2018\/09\/Schalens-w.png 1361w\" sizes=\"auto, (max-width: 300px) 100vw, 300px\" \/><\/p>\n<p><a href=\"https:\/\/www.auto-mobilis.de\/?p=457\">Worte der K\u00fcnstlerinnen zum Kunstprojekt <\/a><\/p>\n<p><a href=\"https:\/\/www.auto-mobilis.de\/?p=742\">Entstehung des Kunstwerkes<\/a><\/p>\n<p><span style=\"color: #000000;\">Schalen<\/span><\/p>\n<p>&nbsp;<\/p>\n<p>&nbsp;<\/p>\n<hr \/>\n<h2><span style=\"color: #000000;\">Selbst bewegt auf 2 R\u00e4dern<\/span><\/h2>\n<p>&nbsp;<\/p>\n<p><img loading=\"lazy\" decoding=\"async\" class=\"wp-image-445 alignleft\" src=\"https:\/\/www.auto-mobilis.de\/wp-content\/uploads\/2018\/07\/Christian-Kabuss-2-300x200.jpg\" alt=\"\" width=\"366\" height=\"244\" srcset=\"https:\/\/www.auto-mobilis.de\/wp-content\/uploads\/2018\/07\/Christian-Kabuss-2-300x200.jpg 300w, https:\/\/www.auto-mobilis.de\/wp-content\/uploads\/2018\/07\/Christian-Kabuss-2-768x511.jpg 768w, https:\/\/www.auto-mobilis.de\/wp-content\/uploads\/2018\/07\/Christian-Kabuss-2-1024x682.jpg 1024w, https:\/\/www.auto-mobilis.de\/wp-content\/uploads\/2018\/07\/Christian-Kabuss-2-720x479.jpg 720w, https:\/\/www.auto-mobilis.de\/wp-content\/uploads\/2018\/07\/Christian-Kabuss-2-560x373.jpg 560w\" sizes=\"auto, (max-width: 366px) 100vw, 366px\" \/><\/p>\n<p><span style=\"color: #000000;\"><strong>Christian Kabu\u00df <\/strong>studierte nach einem Medizinstudium an der Kunsthochschule Berlin-Wei\u00dfensee. Nach Aufenthalten in Venedig und Budapest\u00a0lebt er mit seiner Familie heute in Altkalen, wo er als <a href=\"http:\/\/www.christiankabuss.de\/\">freischaffender K\u00fcnstler<\/a> t\u00e4tig ist. Seine Untersuchungen\u00a0von Landschaft und nat\u00fcrlicher Umwelt, Experimente zu topografischer Anatomie und Leiberfahrung aus ph\u00e4nomenologischer Sicht und zur Darstellung von Musik gehen letztendlich von der k\u00f6rperlichen Einbindung in den erlebten Welt-Raum aus. Die Kopplung des Erlebten an die Ausdrucksbewegung der Hand, die Betonung der Mittel, f\u00fchrt von Gegenst\u00e4ndlichkeit weg. &#8222;Ich m\u00f6chte t\u00e4tige, mit allen Sinnen, dem ganzen K\u00f6rper empfundene Wahrnehmung so urspr\u00fcnglich und tiefgeschichtet wie m\u00f6glich in Bildlichkeit umsetzen.&#8220; <\/span><\/p>\n<p>&nbsp;<\/p>\n<p><img loading=\"lazy\" decoding=\"async\" class=\" wp-image-804 alignleft\" src=\"https:\/\/www.auto-mobilis.de\/wp-content\/uploads\/2018\/09\/landender_engel-300x210.jpg\" alt=\"\" width=\"329\" height=\"230\" srcset=\"https:\/\/www.auto-mobilis.de\/wp-content\/uploads\/2018\/09\/landender_engel-300x210.jpg 300w, https:\/\/www.auto-mobilis.de\/wp-content\/uploads\/2018\/09\/landender_engel-768x537.jpg 768w, https:\/\/www.auto-mobilis.de\/wp-content\/uploads\/2018\/09\/landender_engel-1024x715.jpg 1024w, https:\/\/www.auto-mobilis.de\/wp-content\/uploads\/2018\/09\/landender_engel-720x503.jpg 720w, https:\/\/www.auto-mobilis.de\/wp-content\/uploads\/2018\/09\/landender_engel-560x391.jpg 560w\" sizes=\"auto, (max-width: 329px) 100vw, 329px\" \/><\/p>\n<p><a href=\"https:\/\/www.auto-mobilis.de\/?p=441\">Worte des K\u00fcnstlers zum Kunstprojekt <\/a><\/p>\n<p><a href=\"https:\/\/www.auto-mobilis.de\/?p=878\">Entstehung des Kunstwerkes<\/a><\/p>\n<p><span style=\"color: #000000;\">Bilder<\/span><\/p>\n<p>&nbsp;<\/p>\n<p>&nbsp;<\/p>\n<p>&nbsp;<\/p>\n<p>&nbsp;<\/p>\n<hr \/>\n<p><span style=\"color: #999999;\">(c) der Fotos liegt bei den jeweiligen K\u00fcnstler*innen<\/span><\/p>\n","protected":false},"excerpt":{"rendered":"<p>Konserven &nbsp; Rabea Dransfeld ist als bildende K\u00fcnstlerin in den Bereichen Bildhauerei \/ Objekt \/ Installation t\u00e4tig und erforscht dabei &hellip; <a class=\"more-link\" href=\"https:\/\/www.auto-mobilis.de\/?page_id=650\">Mehr<\/a><\/p>\n","protected":false},"author":1,"featured_media":0,"parent":0,"menu_order":0,"comment_status":"closed","ping_status":"closed","template":"","meta":{"footnotes":""},"class_list":["post-650","page","type-page","status-publish","hentry",""],"_links":{"self":[{"href":"https:\/\/www.auto-mobilis.de\/index.php?rest_route=\/wp\/v2\/pages\/650","targetHints":{"allow":["GET"]}}],"collection":[{"href":"https:\/\/www.auto-mobilis.de\/index.php?rest_route=\/wp\/v2\/pages"}],"about":[{"href":"https:\/\/www.auto-mobilis.de\/index.php?rest_route=\/wp\/v2\/types\/page"}],"author":[{"embeddable":true,"href":"https:\/\/www.auto-mobilis.de\/index.php?rest_route=\/wp\/v2\/users\/1"}],"replies":[{"embeddable":true,"href":"https:\/\/www.auto-mobilis.de\/index.php?rest_route=%2Fwp%2Fv2%2Fcomments&post=650"}],"version-history":[{"count":23,"href":"https:\/\/www.auto-mobilis.de\/index.php?rest_route=\/wp\/v2\/pages\/650\/revisions"}],"predecessor-version":[{"id":652,"href":"https:\/\/www.auto-mobilis.de\/index.php?rest_route=\/wp\/v2\/pages\/650\/revisions\/652"}],"wp:attachment":[{"href":"https:\/\/www.auto-mobilis.de\/index.php?rest_route=%2Fwp%2Fv2%2Fmedia&parent=650"}],"curies":[{"name":"wp","href":"https:\/\/api.w.org\/{rel}","templated":true}]}}