{"id":28,"date":"2018-05-22T09:09:12","date_gmt":"2018-05-22T09:09:12","guid":{"rendered":"https:\/\/automobilis2.wordpress.com\/?page_id=28"},"modified":"2019-12-10T15:12:35","modified_gmt":"2019-12-10T15:12:35","slug":"automobilis2-2","status":"publish","type":"page","link":"https:\/\/www.auto-mobilis.de\/?page_id=28","title":{"rendered":"auto mobilis"},"content":{"rendered":"<p><em><strong>auto mobilis ist die Kunst sich selbst und andere sinnstiftend zu bewegen.\u00a0<\/strong><\/em><\/p>\n<p>Das Projekt auto mobilis 2 ist abgeschlossen. Wir fragen dennoch weiterhin: K\u00fcnste, Wissenschaften, was habt ihr zum Anthropoz\u00e4n zu sagen?<\/p>\n<p>Denn die hitzigen, ambivalenten, unreifen, radikalen Gedanken zu einem Wirken und Leben im Anthropoz\u00e4n gehen weiter.<\/p>\n<p>Regelm\u00e4\u00dfig findet der \u201e<em>Salon Circipanien<\/em>\u201c an wechselnden Orten in der Region um den Kummerower See statt, von den K\u00fcnstler*innen Adrienne Gy\u00f6rgyi und Christian Kabu\u00df und Klaus Labsch initiiert. Eine Publikation in Auseinandersetzung mit <a href=\"http:\/\/kmgne.de\/wir-machen\/publikationen-liste\/anthropozaen-und-aesthetik\/?currentpage=1\"><em>\u00c4sthetik und Anthropoz\u00e4n<\/em><\/a> ist k\u00fcrzlich erschienen, sie wurde u.a. von Mitwirkenden des auto mobilis-Projektes mit Texten, die ganz verschiedene Sichten offenbaren, gef\u00fcllt.<\/p>\n<p>Die Homepage soll weiterhin Plattform f\u00fcr k\u00fcnstlerische und wissenschaftliche Auseinanderstzungen mit dem Anthropoz\u00e4n sein: Essayistische Beitr\u00e4ge, Hinweise auf Ausstellungen, k\u00fcnstlerische Zug\u00e4nge, wissenschaftliche Fakten sind alle willkommen.<\/p>\n<p>&nbsp;<\/p>\n<p>Hier ist nochmal nachzulesen, was die Ziele des Projektes &#8222;auto mobilis 2&#8220; waren:<\/p>\n<p>Auto mobilis &#8211; das Projekt geht bereits in die zweite Runde &#8211; soll b\u00fcrgerschaftliches Engagement mit den Mitteln der Kunst im Dialog mit Wissenschaft und Gesellschaft in der l\u00e4ndlichen Region um den Kummerower See initiieren, st\u00e4rken und inwertsetzen.<\/p>\n<p>Ziel des Projektes ist es, K\u00fcnstler*innen, Wissenschaftler*innen und Bewohner*innen in einen kreativen Zukunftsdialog zu bringen, aus dem sich konkrete zukunftsf\u00e4hige Handlungsstrategien entwickeln k\u00f6nnen. Die T\u00e4tigkeiten umfassen k\u00fcnstlerische Interventionen und Reflexionen im \u00f6ffentlichen Raum &#8211; gemeinschaftliche Aktionen. Sie sind nicht als Illustrationen von wissenschaftlichen oder politischen Diskursen gedacht, sondern als kommunizierende \u201eObjekte\u201c eigener k\u00fcnstlerischer Perspektiven auf das Verh\u00e4ltnis Gegenwart-Zukunft. Kunst und Kultur sollen so Schritt f\u00fcr Schritt in die Lebenswelt und Alltagskultur der B\u00fcrger um den Kummerower See (wieder) eingef\u00fchrt werden. Die Zukunftsregion Malchin\/Kummerower See ist Experiementier-, Interventions- und Resonanzraum\u00a0f\u00fcr die Akteure von auto mobilis.<\/p>\n<p>Anregung aus der Wissenschaft f\u00fcr Kunst und Praxis kommt u.a. vom Konzept Anthropoz\u00e4n. Die Menschheit \u2013 und damit ist sowohl der Mensch, als auch alles Politische und Gesellschaftliche mit und um ihn gemeint \u2013 befindet sich in einem neuen Zeitalter, das eine durch sie formende, prek\u00e4re Beziehung zur Natur kennzeichnet. Bei auto mobilis 2 geht es um Ver\u00e4nderung, um das zu bewahren, was \u201eheilig\u201c ist.<\/p>\n<p>Auto mobilis 2 bedeutet immer auch mit und in der \u00d6ffentlichkeit pr\u00e4sent zu sein. Bereits 2015 fand eine <a href=\"http:\/\/kmgne.de\/blog\/2015\/01\/13\/auto-mobilis-von-der-kunst-sich-selbst-zu-bewegen\/\">Tagung<\/a>\u00a0\u00a0zu auto mobilis auf dem <a href=\"http:\/\/projekthof-karnitz.de\/\">Projekthof Karnitz<\/a> statt, bei der es vor allem um die Herausforderung der Mobilit\u00e4t im l\u00e4ndlichen Raum und die Wirkung von Raumpionieren in den D\u00f6rfern um den Kummerower See ging.<\/p>\n<p>2018 werden f\u00fcnf Stipendiat*innen neue Projekte im Rahmen von auto mobilis 2 k\u00fcnstlerisch hervorbringen und den Zukunftsdialog mit den B\u00fcrger*innen weiterentwickeln. Die Kunstwerke werden bei <a href=\"http:\/\/www.kunstheute-mv.de\/ueber-kunst-heute.html\">Kunst heute<\/a> im Oktober 2018 in Karnitz zu sehen sein.<\/p>\n<p>Tr\u00e4ger der <a href=\"https:\/\/esthetic2016.wordpress.com\/\">Initiative \u00c4sthetik &amp; Nachhaltigkeit<\/a> &#8211; auto mobilis ist das\u00a0<a href=\"http:\/\/kmgne.de\/wir-machen\/projekte-liste\/aesthetik-und-nachhaltigkeit-auto-mobilis-2\/?currentpage=1\">KMGNE<\/a>. Das Projekt auto mobilis 2 wird durch die <a href=\"http:\/\/www.kulturstiftung-des-bundes.de\/cms\/de\/programme\/deutsche_einigung\/FNL_startseite_2283_238.html\">Kulturstiftung des Bundes\/Fonds Neue L\u00e4nder<\/a> gef\u00f6rdert.<\/p>\n","protected":false},"excerpt":{"rendered":"<p>auto mobilis ist die Kunst sich selbst und andere sinnstiftend zu bewegen.\u00a0 Das Projekt auto mobilis 2 ist abgeschlossen. Wir &hellip; <a class=\"more-link\" href=\"https:\/\/www.auto-mobilis.de\/?page_id=28\">Mehr<\/a><\/p>\n","protected":false},"author":2,"featured_media":0,"parent":0,"menu_order":0,"comment_status":"closed","ping_status":"closed","template":"","meta":{"footnotes":""},"class_list":["post-28","page","type-page","status-publish","hentry",""],"_links":{"self":[{"href":"https:\/\/www.auto-mobilis.de\/index.php?rest_route=\/wp\/v2\/pages\/28","targetHints":{"allow":["GET"]}}],"collection":[{"href":"https:\/\/www.auto-mobilis.de\/index.php?rest_route=\/wp\/v2\/pages"}],"about":[{"href":"https:\/\/www.auto-mobilis.de\/index.php?rest_route=\/wp\/v2\/types\/page"}],"author":[{"embeddable":true,"href":"https:\/\/www.auto-mobilis.de\/index.php?rest_route=\/wp\/v2\/users\/2"}],"replies":[{"embeddable":true,"href":"https:\/\/www.auto-mobilis.de\/index.php?rest_route=%2Fwp%2Fv2%2Fcomments&post=28"}],"version-history":[{"count":8,"href":"https:\/\/www.auto-mobilis.de\/index.php?rest_route=\/wp\/v2\/pages\/28\/revisions"}],"predecessor-version":[{"id":1201,"href":"https:\/\/www.auto-mobilis.de\/index.php?rest_route=\/wp\/v2\/pages\/28\/revisions\/1201"}],"wp:attachment":[{"href":"https:\/\/www.auto-mobilis.de\/index.php?rest_route=%2Fwp%2Fv2%2Fmedia&parent=28"}],"curies":[{"name":"wp","href":"https:\/\/api.w.org\/{rel}","templated":true}]}}