{"id":154,"date":"2018-05-16T10:37:23","date_gmt":"2018-05-16T10:37:23","guid":{"rendered":"https:\/\/automobilis2.wordpress.com\/?page_id=3"},"modified":"2018-07-17T09:36:44","modified_gmt":"2018-07-17T09:36:44","slug":"kontaktimpressum","status":"publish","type":"page","link":"https:\/\/www.auto-mobilis.de\/?page_id=154","title":{"rendered":"Kontakt &#038; Impressum"},"content":{"rendered":"<p>KMGNE \u00a0Kolleg f\u00fcr Management und Gestaltung nachhaltiger<br \/>\nEntwicklung gGmbH<br \/>\nReichenberger Stra\u00dfe 150<br \/>\n10999 Berlin<br \/>\nGermany<br \/>\nFon: ++49 \/ 030 \/ 29367 940<br \/>\nFax: ++49 \/ 030 \/ 29367 949<br \/>\nEmail: info@kmgne.de<\/p>\n<p>&nbsp;<\/p>\n<p>Impressum:<\/p>\n<p>KMGNE Kolleg f\u00fcr Management und Gestaltung nachhaltiger Entwicklung gGmbH<br \/>\nGesch\u00e4ftsf\u00fchrer: Dr. Joachim Borner<br \/>\nReichenberger Stra\u00dfe 150<br \/>\n10999 Berlin<br \/>\nGermany<br \/>\nE-Mail:\u00a0<a href=\"mailto:info@kmgne.de\">info@kmgne.de<\/a><br \/>\nInternet:\u00a0<a href=\"http:\/\/www.kmgne.de\/\">www.kmgne.de<\/a><\/p>\n<p>Umsatzsteueridentifikationsnummer gem\u00e4\u00df \u00a7 27 a Umsatzsteuergesetz:<br \/>\nDE 196 168 685<\/p>\n<p>Registergericht:<br \/>\nAmtsgericht Charlottenburg, HRB 69229<i><\/i><\/p>\n<p>Inhaltlich Verantwortlicher f\u00fcr die Internetpr\u00e4senz des Kollegs f\u00fcr Management und Gestaltung nachhaltiger Entwicklung gGmbH gem\u00e4\u00df\u00a0 \u00a7 5 Telemediengesetz (TMG):<br \/>\nDr. Joachim Borner<br \/>\nKolleg f\u00fcr Management und Gestaltung nachhaltiger Entwicklung gGmbH<\/p>\n<p><strong>Konzeption, Gestaltung und Redaktion der Homepage:<\/strong> Simone Hieber<\/p>\n<p>Alle Inhalte dieses Angebots sind urheberrechtlich gesch\u00fctzt. Die \u00dcbernahme, Vervielf\u00e4ltigung und Verbreitung der Inhalte oder von Teilen davon bedarf der schriftlichen Zustimmung durch das Kolleg f\u00fcr Management und Gestaltung nachhaltiger Entwicklung gGmbH.<\/p>\n<p><strong>Hinweis zu externen Links:<br \/>\n<\/strong>Das Kolleg f\u00fcr Management und Gestaltung nachhaltiger Entwicklung gGmbH ist als Inhaltsanbieter f\u00fcr die \u201eeigenen Inhalte\u201c, die er zur Nutzung bereith\u00e4lt, nach den allgemeinen Gesetzen verantwortlich. Von diesen eigenen Inhalten sind Querverweise (\u201elinks\u201c) auf die von anderen Anbietern bereitgehaltenen Inhalte zu unterscheiden. Durch den Querverweis h\u00e4lt das Kolleg f\u00fcr Management und Gestaltung nachhaltiger Entwicklung gGmbH\u00a0 insofern \u201efremde Inhalte\u201c zur Nutzung bereit. F\u00fcr diese fremden Inhalte ist es nur dann verantwortlich, wenn es von ihnen (d.h. auch von einem rechtswidrigen bzw. strafbaren Inhalt) positive Kenntnis hat und es ihm technisch m\u00f6glich und zumutbar ist, deren Nutzung zu verhindern.<\/p>\n<p>Bei Querverweisen handelt es sich allerdings stets um \u201elebende\u201c (dynamische) Verweisungen. Das Kolleg f\u00fcr Management und Gestaltung nachhaltiger Entwicklung gGmbH hat bei der erstmaligen Verkn\u00fcpfung zwar den fremden Inhalt daraufhin \u00fcberpr\u00fcft, ob durch sie eine m\u00f6gliche zivilrechtliche oder strafrechtliche Verantwortlichkeit ausgel\u00f6st wird. Es ist aber nach dem Gesetz nicht dazu verpflichtet, die Inhalte, auf die es in seinem Angebot verweist, st\u00e4ndig auf Ver\u00e4nderungen zu \u00fcberpr\u00fcfen, die eine Verantwortlichkeit neu begr\u00fcnden k\u00f6nnten. Erst wenn es feststellt oder von anderen darauf hingewiesen wird, dass ein konkretes Angebot, zu dem es einen Querverweis bereitgestellt hat, eine zivil- oder strafrechtliche Verantwortlichkeit ausl\u00f6st, wird es den Verweis auf dieses Angebot aufheben, soweit ihm dies technisch m\u00f6glich und zumutbar ist.<\/p>\n","protected":false},"excerpt":{"rendered":"<p>KMGNE \u00a0Kolleg f\u00fcr Management und Gestaltung nachhaltiger Entwicklung gGmbH Reichenberger Stra\u00dfe 150 10999 Berlin Germany Fon: ++49 \/ 030 \/ &hellip; <a class=\"more-link\" href=\"https:\/\/www.auto-mobilis.de\/?page_id=154\">Mehr<\/a><\/p>\n","protected":false},"author":2,"featured_media":0,"parent":0,"menu_order":2,"comment_status":"closed","ping_status":"closed","template":"","meta":{"footnotes":""},"class_list":["post-154","page","type-page","status-publish","hentry",""],"_links":{"self":[{"href":"https:\/\/www.auto-mobilis.de\/index.php?rest_route=\/wp\/v2\/pages\/154","targetHints":{"allow":["GET"]}}],"collection":[{"href":"https:\/\/www.auto-mobilis.de\/index.php?rest_route=\/wp\/v2\/pages"}],"about":[{"href":"https:\/\/www.auto-mobilis.de\/index.php?rest_route=\/wp\/v2\/types\/page"}],"author":[{"embeddable":true,"href":"https:\/\/www.auto-mobilis.de\/index.php?rest_route=\/wp\/v2\/users\/2"}],"replies":[{"embeddable":true,"href":"https:\/\/www.auto-mobilis.de\/index.php?rest_route=%2Fwp%2Fv2%2Fcomments&post=154"}],"version-history":[{"count":3,"href":"https:\/\/www.auto-mobilis.de\/index.php?rest_route=\/wp\/v2\/pages\/154\/revisions"}],"predecessor-version":[{"id":416,"href":"https:\/\/www.auto-mobilis.de\/index.php?rest_route=\/wp\/v2\/pages\/154\/revisions\/416"}],"wp:attachment":[{"href":"https:\/\/www.auto-mobilis.de\/index.php?rest_route=%2Fwp%2Fv2%2Fmedia&parent=154"}],"curies":[{"name":"wp","href":"https:\/\/api.w.org\/{rel}","templated":true}]}}